{"id":2677,"date":"2020-01-13T08:43:30","date_gmt":"2020-01-13T07:43:30","guid":{"rendered":"http:\/\/algetransit.bocetoserver.es\/fondoeuropeo\/"},"modified":"2022-05-31T11:04:32","modified_gmt":"2022-05-31T09:04:32","slug":"fondoeuropeo","status":"publish","type":"page","link":"https:\/\/www.algetransit.es\/fr\/fondoeuropeo\/","title":{"rendered":"fondoeuropeo"},"content":{"rendered":"<div class=\"fusion-fullwidth fullwidth-box fusion-builder-row-1 nonhundred-percent-fullwidth non-hundred-percent-height-scrolling\" style=\"--awb-border-radius-top-left:0px;--awb-border-radius-top-right:0px;--awb-border-radius-bottom-right:0px;--awb-border-radius-bottom-left:0px;--awb-flex-wrap:wrap;\" ><div class=\"fusion-builder-row fusion-row\"><div class=\"fusion-layout-column fusion_builder_column fusion-builder-column-0 fusion_builder_column_1_3 1_3 fusion-one-third fusion-column-first\" style=\"--awb-bg-size:cover;width:33.333333333333%;width:calc(33.333333333333% - ( ( 4% ) * 0.33333333333333 ) );margin-right: 4%;\"><div class=\"fusion-column-wrapper fusion-column-has-shadow fusion-flex-column-wrapper-legacy\"><div class=\"fusion-image-element in-legacy-container\" style=\"--awb-caption-title-font-family:var(--h2_typography-font-family);--awb-caption-title-font-weight:var(--h2_typography-font-weight);--awb-caption-title-font-style:var(--h2_typography-font-style);--awb-caption-title-size:var(--h2_typography-font-size);--awb-caption-title-transform:var(--h2_typography-text-transform);--awb-caption-title-line-height:var(--h2_typography-line-height);--awb-caption-title-letter-spacing:var(--h2_typography-letter-spacing);\"><span class=\" fusion-imageframe imageframe-none imageframe-1 hover-type-none\"><img decoding=\"async\" width=\"300\" height=\"254\" title=\"Logotipo UE\" src=\"http:\/\/www.algetransit.es\/wp-content\/uploads\/2020\/01\/Logotipo-UE-300X250.jpg\" alt class=\"img-responsive wp-image-2610\" srcset=\"https:\/\/www.algetransit.es\/wp-content\/uploads\/2020\/01\/Logotipo-UE-300X250-200x169.jpg 200w, https:\/\/www.algetransit.es\/wp-content\/uploads\/2020\/01\/Logotipo-UE-300X250.jpg 300w\" sizes=\"(max-width: 300px) 100vw, 300px\" \/><\/span><\/div><div class=\"fusion-clearfix\"><\/div><\/div><\/div><div class=\"fusion-layout-column fusion_builder_column fusion-builder-column-1 fusion_builder_column_2_3 2_3 fusion-two-third fusion-column-last\" style=\"--awb-bg-size:cover;width:66.666666666667%;width:calc(66.666666666667% - ( ( 4% ) * 0.66666666666667 ) );\"><div class=\"fusion-column-wrapper fusion-column-has-shadow fusion-flex-column-wrapper-legacy\"><div class=\"fusion-text fusion-text-1\"><blockquote>\n<p style=\"font-weight: 400;\"><em>\u201cAlgetransit SL ha sido beneficiaria del Fondo Europeo de Desarrollo Regional cuyo objetivo es\u00a0 conseguir un tejido empresarial m\u00e1s competitivo y gracias al que ha participado en la acci\u00f3n: <strong>Visita Feria Fruit Logistica 2022<\/strong> para fomentar su internacionalizaci\u00f3n . Esta acci\u00f3n ha tenido lugar del 5 de Abril del 2022 al\u00a0 al 7 de abril de 2022. Para ello ha contado con el apoyo del\u00a0 Programa Internacional de Promoci\u00f3n de\u00a0 la C\u00e1mara de Comercio del Campo de Gibraltar.\u201d\u00a0\u00a0<\/em><\/p>\n<p style=\"font-weight: 400;\"><strong><em>Una manera de hacer Europa<\/em><\/strong><\/p>\n<\/blockquote>\n<\/div><div class=\"fusion-sep-clear\"><\/div><div class=\"fusion-separator fusion-full-width-sep\" style=\"margin-left: auto;margin-right: auto;margin-top:10px;margin-bottom:10px;width:100%;\"><div class=\"fusion-separator-border sep-single sep-solid\" style=\"--awb-height:20px;--awb-amount:20px;border-color:#e0dede;border-top-width:2px;\"><\/div><\/div><div class=\"fusion-sep-clear\"><\/div><div class=\"fusion-text fusion-text-2\"><blockquote>\n<p>Algetransit S.L., ha sido beneficiaria del Fondo Europeo de Desarrollo Regional cuyo objetivo es impulsar la incorporaci\u00f3n de las TIC a la actividad habitual de las pymes y gracias al que se ha realizado desarrollo de las aplicaciones m\u00f3viles para conseguir mejorar el uso y la calidad de las tecnolog\u00edas de la informaci\u00f3n y de las comunicaciones y el acceso a las mismas. Desde diciembre de 2019 hasta marzo de 2020. Para ello ha contado con el apoyo del programa TICC\u00e1maras de la C\u00e1mara de Comercio del Campo de Gibraltar. <strong>Una manera de hacer Europa<\/strong>.<\/p>\n<\/blockquote>\n<p>&nbsp;<\/p>\n<\/div><div class=\"fusion-clearfix\"><\/div><\/div><\/div><\/div><\/div>\n","protected":false},"excerpt":{"rendered":"","protected":false},"author":1,"featured_media":0,"parent":0,"menu_order":0,"comment_status":"closed","ping_status":"open","template":"","meta":{"footnotes":""},"_links":{"self":[{"href":"https:\/\/www.algetransit.es\/fr\/wp-json\/wp\/v2\/pages\/2677"}],"collection":[{"href":"https:\/\/www.algetransit.es\/fr\/wp-json\/wp\/v2\/pages"}],"about":[{"href":"https:\/\/www.algetransit.es\/fr\/wp-json\/wp\/v2\/types\/page"}],"author":[{"embeddable":true,"href":"https:\/\/www.algetransit.es\/fr\/wp-json\/wp\/v2\/users\/1"}],"replies":[{"embeddable":true,"href":"https:\/\/www.algetransit.es\/fr\/wp-json\/wp\/v2\/comments?post=2677"}],"version-history":[{"count":17,"href":"https:\/\/www.algetransit.es\/fr\/wp-json\/wp\/v2\/pages\/2677\/revisions"}],"predecessor-version":[{"id":2939,"href":"https:\/\/www.algetransit.es\/fr\/wp-json\/wp\/v2\/pages\/2677\/revisions\/2939"}],"wp:attachment":[{"href":"https:\/\/www.algetransit.es\/fr\/wp-json\/wp\/v2\/media?parent=2677"}],"curies":[{"name":"wp","href":"https:\/\/api.w.org\/{rel}","templated":true}]}}