{"id":3587,"date":"2024-06-20T19:55:45","date_gmt":"2024-06-20T17:55:45","guid":{"rendered":"https:\/\/www.algetransit.es\/?page_id=3587"},"modified":"2024-07-11T19:01:09","modified_gmt":"2024-07-11T17:01:09","slug":"politique-de-reclamation-des-irregularites","status":"publish","type":"page","link":"https:\/\/www.algetransit.es\/fr\/politique-de-reclamation-des-irregularites\/","title":{"rendered":"Politique de r\u00e9clamation des irr\u00e9gularit\u00e9s"},"content":{"rendered":"<p><div class=\"fusion-fullwidth fullwidth-box fusion-builder-row-1 nonhundred-percent-fullwidth non-hundred-percent-height-scrolling\" style=\"--awb-border-sizes-top:0px;--awb-border-sizes-bottom:0px;--awb-border-sizes-left:0px;--awb-border-sizes-right:0px;--awb-border-radius-top-left:0px;--awb-border-radius-top-right:0px;--awb-border-radius-bottom-right:0px;--awb-border-radius-bottom-left:0px;--awb-padding-top:10%;--awb-padding-right:5%;--awb-padding-bottom:10%;--awb-padding-left:5%;--awb-background-color:var(--awb-color3);--awb-flex-wrap:wrap;\" ><div class=\"fusion-builder-row fusion-row\"><div class=\"fusion-layout-column fusion_builder_column fusion-builder-column-0 fusion_builder_column_1_1 1_1 fusion-one-full fusion-column-first fusion-column-last\" style=\"--awb-bg-blend:overlay;--awb-bg-size:cover;\"><div class=\"fusion-column-wrapper fusion-flex-column-wrapper-legacy\"><div class=\"fusion-text fusion-text-1\"><h1 class=\"fusion-responsive-typography-calculated\" style=\"padding-left: 30px; --fontsize: 50; line-height: 1.4; text-align: center;\" data-fontsize=\"50\" data-lineheight=\"70px\"><span style=\"color: #ffffff; font-size: 65px;\" data-fusion-font=\"true\"><b style=\"font-size: 70px;\" data-fusion-font=\"true\">Politique de r\u00e9clamation des irr\u00e9fularit\u00e9s <\/b><\/span><\/h1>\n<\/div><div class=\"fusion-sep-clear\"><\/div><div class=\"fusion-separator fusion-full-width-sep\" style=\"margin-left: auto;margin-right: auto;margin-top:10px;margin-bottom:10px;width:100%;\"><\/div><div class=\"fusion-sep-clear\"><\/div><div class=\"fusion-clearfix\"><\/div><\/div><\/div><\/div><\/div><div class=\"fusion-fullwidth fullwidth-box fusion-builder-row-2 nonhundred-percent-fullwidth non-hundred-percent-height-scrolling\" style=\"--awb-border-sizes-top:0px;--awb-border-sizes-bottom:0px;--awb-border-sizes-left:0px;--awb-border-sizes-right:0px;--awb-border-radius-top-left:0px;--awb-border-radius-top-right:0px;--awb-border-radius-bottom-right:0px;--awb-border-radius-bottom-left:0px;--awb-padding-top:100px;--awb-padding-bottom:130px;--awb-background-color:#f7f7f7;--awb-flex-wrap:wrap;\" ><div class=\"fusion-builder-row fusion-row\"><div class=\"fusion-layout-column fusion_builder_column fusion-builder-column-1 fusion_builder_column_1_6 1_6 fusion-one-sixth fusion-column-first fusion-no-small-visibility\" style=\"--awb-bg-blend:overlay;--awb-bg-size:cover;width:13.3333%; margin-right: 4%;\"><div class=\"fusion-column-wrapper fusion-flex-column-wrapper-legacy\"><div class=\"fusion-sep-clear\"><\/div><div class=\"fusion-separator fusion-full-width-sep\" style=\"margin-left: auto;margin-right: auto;width:100%;\"><\/div><div class=\"fusion-sep-clear\"><\/div><div class=\"fusion-clearfix\"><\/div><\/div><\/div><div class=\"fusion-layout-column fusion_builder_column fusion-builder-column-2 fusion_builder_column_2_3 2_3 fusion-two-third\" style=\"--awb-bg-blend:overlay;--awb-bg-size:cover;width:65.3333%; margin-right: 4%;\"><div class=\"fusion-column-wrapper fusion-flex-column-wrapper-legacy\"><div class=\"fusion-sep-clear\"><\/div><div class=\"fusion-separator fusion-full-width-sep\" style=\"margin-left: auto;margin-right: auto;margin-top:20px;width:100%;\"><\/div><div class=\"fusion-sep-clear\"><\/div><div class=\"fusion-text fusion-text-2\"><p>POLITIQUE DE R\u00c9CLAMATION DES IRR\u00c9GULARIT\u00c9S<\/p>\n<\/div><div class=\"fusion-sep-clear\"><\/div><div class=\"fusion-separator\" style=\"margin-left: auto;margin-right: auto;margin-top:0px;margin-bottom:30px;width:100%;max-width:280px;\"><div class=\"fusion-separator-border sep-single sep-solid\" style=\"--awb-height:20px;--awb-amount:20px;--awb-sep-color:#d1d1d1;border-color:#d1d1d1;border-top-width:2px;\"><\/div><\/div><div class=\"fusion-sep-clear\"><\/div><div class=\"fusion-text fusion-text-3\"><p><span style=\"color: var(--awb-text-color); font-family: var(--awb-text-font-family); font-size: var(--awb-font-size); font-style: var(--awb-text-font-style); font-weight: var(--awb-text-font-weight); letter-spacing: var(--awb-letter-spacing); text-align: var(--awb-content-alignment); text-transform: var(--awb-text-transform); background-color: var(--awb-bg-color-hover);\">ALGETRANSIT, S.L., <\/span><span style=\"color: var(--awb-text-color); font-family: var(--awb-text-font-family); font-size: var(--awb-font-size); font-style: var(--awb-text-font-style); font-weight: var(--awb-text-font-weight); letter-spacing: var(--awb-letter-spacing); text-align: var(--awb-content-alignment); text-transform: var(--awb-text-transform); background-color: var(--awb-bg-color-hover);\">se conformant aux exigences \u00e9tablies dans la loi 2\/2023 du 20 f\u00e9vrier, r\u00e9glementant la protection des personnes qui signalent des infractions r\u00e9glementaires et la lutte contre la corruption, fonde sa POLITIQUE DE CANAL DE RAPPORT D&rsquo;IRR\u00c9GULARIT\u00c9, fournissant un cadre de r\u00e9f\u00e9rence pour \u00e9tablir les objectifs du signalement d&rsquo;irr\u00e9gularit\u00e9s. canal, dans les principes d\u2019action suivants :<\/span><\/p>\n<p>\u2022 \u00c9tablissement d&rsquo;un canal de signalement des irr\u00e9gularit\u00e9s dans notre p\u00e9rim\u00e8tre de service, tant au sein de notre organisation qu&rsquo;avec les parties int\u00e9ress\u00e9es d\u00e9finies dans le Manuel de Gestion Int\u00e9gr\u00e9e.<\/p>\n<p>\u2022 Promotion de l&rsquo;am\u00e9lioration continue du syst\u00e8me mis en \u0153uvre \u00e0 travers sa mise \u00e0 jour et sa r\u00e9vision p\u00e9riodique.<\/p>\n<p>\u2022 Tout comportement pr\u00e9judiciable au sein de l&rsquo;organisation est express\u00e9ment interdit.<\/p>\n<p>\u2022 Confiance, impartialit\u00e9 et protection de la confidentialit\u00e9 tout au long du processus d&rsquo;alerte ; garantir cette confidentialit\u00e9 dans le signalement des irr\u00e9gularit\u00e9s tout au long du processus de signalement.<\/p>\n<p>\u2022 Une communication bidirectionnelle et une collaboration continue sont \u00e9tablies, tant au sein de l&rsquo;organisation qu&rsquo;avec les parties int\u00e9ress\u00e9es.<\/p>\n<p>\u2022 L&rsquo;organisation fournira des conseils sur la mani\u00e8re de pr\u00e9senter les informations et sur les endroits o\u00f9 demander de l&rsquo;aide ou des conseils sur le processus de lancement d&rsquo;alerte .<\/p>\n<p>\u2022 <span style=\"color: var(--awb-text-color); font-family: var(--awb-text-font-family); font-size: var(--awb-font-size); font-style: var(--awb-text-font-style); font-weight: var(--awb-text-font-weight); letter-spacing: var(--awb-letter-spacing); text-align: var(--awb-content-alignment); text-transform: var(--awb-text-transform); background-color: var(--awb-bg-color-hover);\">Il est garanti que le responsable du canal d&rsquo;alerte exercera ses fonctions d&rsquo;enqu\u00eate et de protection de mani\u00e8re ind\u00e9pendante, la confidentialit\u00e9 entre les personnes impliqu\u00e9es, le lanceur d&rsquo;alerte, le plaignant et les membres de l&rsquo;\u00e9quipe d&rsquo;enqu\u00eate, ainsi que l&rsquo;exactitude dans tous les aspects de la processus li\u00e9 au canal des plaintes.<\/span><\/p>\n<p>\u2022 Respect absolu de la pr\u00e9somption d&rsquo;innocence et de l&rsquo;honneur des personnes concern\u00e9es.<\/p>\n<p>\u2022 Toute violation de notre politique de canal d&rsquo;alerte, telle que des rapports d\u00e9lib\u00e9r\u00e9ment faux ou une conduite pr\u00e9judiciable \u00e0 l&rsquo;organisation, entra\u00eenera des mesures disciplinaires \u00e9valu\u00e9es en fonction de la qualification de l&rsquo;infraction conform\u00e9ment \u00e0 l&rsquo;accord sectoriel dans le cas de l&rsquo;organisation des travailleurs de l&rsquo;entreprise. , (APEMAR), de la province de Cadix. Dans le cas d\u2019autres parties int\u00e9ress\u00e9es, cela pourrait impliquer de faire rapport aux autorit\u00e9s comp\u00e9tentes.<\/p>\n<p>\u2022 Les autorit\u00e9s comp\u00e9tentes \u00e9tablissent des canaux de signalement alternatifs, comme l&rsquo;Office andalou contre la fraude et la corruption (OAAF).<\/p>\n<p>\u2022 Le syst\u00e8me de gestion des rapports d&rsquo;irr\u00e9gularit\u00e9s comprend la r\u00e9ception de la plainte, pour son \u00e9valuation ult\u00e9rieure et, si cela est jug\u00e9 appropri\u00e9, la plainte sera trait\u00e9e pour finalement \u00e9mettre une conclusion et une r\u00e9solution de la plainte.<\/p>\n<p>\u2022 La possibilit\u00e9 d&rsquo;\u00e9tablir des restrictions au droit de d\u00e9claration est totalement exclue, sur la base d&rsquo;obligations contractuelles, telles que des accords de divulgation ou des clauses telles que celles relatives au secret commercial et au secret des employ\u00e9s, entre autres.<\/p>\n<p>\u2022 Notre politique de protection des donn\u00e9es est conforme aux exigences \u00e9tablies dans la loi 3\/2018 sur la protection des donn\u00e9es personnelles et la garantie des droits personnels.<\/p>\n<p>Pour que cette Politique soit r\u00e9elle et efficace, elle est \u00e0 la disposition des clients, des travailleurs et des autres parties int\u00e9ress\u00e9es, int\u00e9gr\u00e9es dans la direction g\u00e9n\u00e9rale de l&rsquo;entreprise.<\/p>\n<\/div><div class=\"fusion-sep-clear\"><\/div><div class=\"fusion-separator fusion-full-width-sep\" style=\"margin-left: auto;margin-right: auto;margin-top:30px;width:100%;\"><\/div><div class=\"fusion-sep-clear\"><\/div><ul style=\"--awb-line-height:23.8px;--awb-icon-width:23.8px;--awb-icon-height:23.8px;--awb-icon-margin:9.8px;--awb-content-margin:33.6px;--awb-circlecolor:#c9242b;--awb-circle-yes-font-size:12.32px;\" class=\"fusion-checklist fusion-checklist-1 fusion-checklist-default type-icons\"><li class=\"fusion-li-item\" style=\"\"><span class=\"icon-wrapper circle-yes\"><i class=\"fusion-li-icon awb-icon-check\" aria-hidden=\"true\"><\/i><\/span><div class=\"fusion-li-item-content\">\n<p><a href=\"https:\/\/www.algetransit.es\/fr\/depot-de-plainte\/\">DEPOT DE PLAINTE<\/a><\/p>\n<\/div><\/li><\/ul><div class=\"fusion-clearfix\"><\/div><\/div><\/div><div class=\"fusion-layout-column fusion_builder_column fusion-builder-column-3 fusion_builder_column_1_6 1_6 fusion-one-sixth fusion-column-last fusion-no-small-visibility\" style=\"--awb-bg-blend:overlay;--awb-bg-size:cover;width:13.3333%;\"><div class=\"fusion-column-wrapper fusion-flex-column-wrapper-legacy\"><div class=\"fusion-sep-clear\"><\/div><div class=\"fusion-separator fusion-full-width-sep\" style=\"margin-left: auto;margin-right: auto;width:100%;\"><\/div><div class=\"fusion-sep-clear\"><\/div><div class=\"fusion-sep-clear\"><\/div><div class=\"fusion-separator fusion-full-width-sep\" style=\"margin-left: auto;margin-right: auto;width:100%;\"><\/div><div class=\"fusion-sep-clear\"><\/div><div class=\"fusion-clearfix\"><\/div><\/div><\/div><\/div><\/div><div class=\"fusion-fullwidth fullwidth-box fusion-builder-row-3 fusion-flex-container has-pattern-background has-mask-background nonhundred-percent-fullwidth non-hundred-percent-height-scrolling\" style=\"--awb-border-radius-top-left:0px;--awb-border-radius-top-right:0px;--awb-border-radius-bottom-right:0px;--awb-border-radius-bottom-left:0px;--awb-flex-wrap:wrap;\" ><div class=\"fusion-builder-row fusion-row fusion-flex-align-items-flex-start fusion-flex-content-wrap\" style=\"max-width:1216.8px;margin-left: calc(-4% \/ 2 );margin-right: calc(-4% \/ 2 );\"><\/div><\/div><\/p>\n","protected":false},"excerpt":{"rendered":"","protected":false},"author":8,"featured_media":0,"parent":0,"menu_order":0,"comment_status":"closed","ping_status":"closed","template":"100-width.php","meta":{"footnotes":""},"_links":{"self":[{"href":"https:\/\/www.algetransit.es\/fr\/wp-json\/wp\/v2\/pages\/3587"}],"collection":[{"href":"https:\/\/www.algetransit.es\/fr\/wp-json\/wp\/v2\/pages"}],"about":[{"href":"https:\/\/www.algetransit.es\/fr\/wp-json\/wp\/v2\/types\/page"}],"author":[{"embeddable":true,"href":"https:\/\/www.algetransit.es\/fr\/wp-json\/wp\/v2\/users\/8"}],"replies":[{"embeddable":true,"href":"https:\/\/www.algetransit.es\/fr\/wp-json\/wp\/v2\/comments?post=3587"}],"version-history":[{"count":4,"href":"https:\/\/www.algetransit.es\/fr\/wp-json\/wp\/v2\/pages\/3587\/revisions"}],"predecessor-version":[{"id":3611,"href":"https:\/\/www.algetransit.es\/fr\/wp-json\/wp\/v2\/pages\/3587\/revisions\/3611"}],"wp:attachment":[{"href":"https:\/\/www.algetransit.es\/fr\/wp-json\/wp\/v2\/media?parent=3587"}],"curies":[{"name":"wp","href":"https:\/\/api.w.org\/{rel}","templated":true}]}}